{"id":47,"date":"2024-05-30T13:50:49","date_gmt":"2024-05-30T13:50:49","guid":{"rendered":"https:\/\/variaduna.com\/?page_id=47"},"modified":"2024-09-17T15:56:17","modified_gmt":"2024-09-17T13:56:17","slug":"ueber-uns","status":"publish","type":"page","link":"https:\/\/variaduna.com\/de\/ueber-uns\/","title":{"rendered":"\u00dcber uns"},"content":{"rendered":"\n<h2 class=\"wp-block-heading\">\u00dcber uns<\/h2>\n\n\n\n<p>Wir k\u00fcmmern uns um Deine Herausforderung oder Dein Problem, sei es im privaten\/pers\u00f6nlichen oder beruflichen\/gesch\u00e4ftlichen Kontext. Das tun wir im Rahmen von Kurzeins\u00e4tzen, von projektbasierten oder l\u00e4ngerfristigen Mandaten, in Form von Moderation, Begleitung, Konzepten oder auch ganzen Projekten.<\/p>\n\n\n\n<p>Wir verwenden\u00a0<a href=\"https:\/\/variaduna.com\/de\/services\/\">Methoden<\/a>\u00a0wie Mediation, interkulturelle Kommunikation, Organisations-Management und nat\u00fcrlich Projekt-Management ein. Wir tun das in Abh\u00e4ngigkeit des Mandats oder Projekts in unterschiedlicher Auspr\u00e4gung.<\/p>\n\n\n\n<p>Ganz nach dem Prinzip \u00abklein aber fein\u00bb verzichten wir auf ein umfangreiches, gleichbleibendes \u00abStaffing\u00bb. Stattdessen stellen wir f\u00fcr jedes Mandat das passende Team zusammen und reagieren so auch in Bezug auf die notwendigen Skills im Sinne des jeweiligen Kundenbed\u00fcrfnisses.<\/p>\n\n\n\n<p>Ebenso verzichten wir auf repr\u00e4sentative B\u00fcros \u2013 gearbeitet wird, wo es sich ergibt. Projektbedingte zeitliche und \u00f6rtliche Verf\u00fcgbarkeiten sind verhandelbar.<\/p>\n\n\n\n<p>Inhaber und Gesch\u00e4ftsleiter der Variaduna GmbH ist Sam M\u00fcller, der auch gerne <a href=\"https:\/\/variaduna.com\/de\/kontakt\/\" data-type=\"page\" data-id=\"20\">weitere Ausk\u00fcnfte<\/a> erteilt.<\/p>\n\n\n\n<p><\/p>\n","protected":false},"excerpt":{"rendered":"<p>\u00dcber uns Wir k\u00fcmmern uns um Deine Herausforderung oder Dein Problem, sei es im privaten\/pers\u00f6nlichen oder beruflichen\/gesch\u00e4ftlichen Kontext. Das tun [&hellip;]<\/p>\n","protected":false},"author":2,"featured_media":0,"parent":0,"menu_order":0,"comment_status":"closed","ping_status":"closed","template":"","meta":{"site-sidebar-layout":"default","site-content-layout":"","ast-site-content-layout":"default","site-content-style":"default","site-sidebar-style":"default","ast-global-header-display":"","ast-banner-title-visibility":"","ast-main-header-display":"","ast-hfb-above-header-display":"","ast-hfb-below-header-display":"","ast-hfb-mobile-header-display":"","site-post-title":"","ast-breadcrumbs-content":"","ast-featured-img":"","footer-sml-layout":"","ast-disable-related-posts":"","theme-transparent-header-meta":"","adv-header-id-meta":"","stick-header-meta":"","header-above-stick-meta":"","header-main-stick-meta":"","header-below-stick-meta":"","astra-migrate-meta-layouts":"default","ast-page-background-enabled":"default","ast-page-background-meta":{"desktop":{"background-color":"var(--ast-global-color-4)","background-image":"","background-repeat":"repeat","background-position":"center center","background-size":"auto","background-attachment":"scroll","background-type":"","background-media":"","overlay-type":"","overlay-color":"","overlay-opacity":"","overlay-gradient":""},"tablet":{"background-color":"","background-image":"","background-repeat":"repeat","background-position":"center center","background-size":"auto","background-attachment":"scroll","background-type":"","background-media":"","overlay-type":"","overlay-color":"","overlay-opacity":"","overlay-gradient":""},"mobile":{"background-color":"","background-image":"","background-repeat":"repeat","background-position":"center center","background-size":"auto","background-attachment":"scroll","background-type":"","background-media":"","overlay-type":"","overlay-color":"","overlay-opacity":"","overlay-gradient":""}},"ast-content-background-meta":{"desktop":{"background-color":"var(--ast-global-color-5)","background-image":"","background-repeat":"repeat","background-position":"center center","background-size":"auto","background-attachment":"scroll","background-type":"","background-media":"","overlay-type":"","overlay-color":"","overlay-opacity":"","overlay-gradient":""},"tablet":{"background-color":"var(--ast-global-color-5)","background-image":"","background-repeat":"repeat","background-position":"center center","background-size":"auto","background-attachment":"scroll","background-type":"","background-media":"","overlay-type":"","overlay-color":"","overlay-opacity":"","overlay-gradient":""},"mobile":{"background-color":"var(--ast-global-color-5)","background-image":"","background-repeat":"repeat","background-position":"center center","background-size":"auto","background-attachment":"scroll","background-type":"","background-media":"","overlay-type":"","overlay-color":"","overlay-opacity":"","overlay-gradient":""}},"footnotes":""},"class_list":["post-47","page","type-page","status-publish","hentry"],"_links":{"self":[{"href":"https:\/\/variaduna.com\/de\/wp-json\/wp\/v2\/pages\/47","targetHints":{"allow":["GET"]}}],"collection":[{"href":"https:\/\/variaduna.com\/de\/wp-json\/wp\/v2\/pages"}],"about":[{"href":"https:\/\/variaduna.com\/de\/wp-json\/wp\/v2\/types\/page"}],"author":[{"embeddable":true,"href":"https:\/\/variaduna.com\/de\/wp-json\/wp\/v2\/users\/2"}],"replies":[{"embeddable":true,"href":"https:\/\/variaduna.com\/de\/wp-json\/wp\/v2\/comments?post=47"}],"version-history":[{"count":9,"href":"https:\/\/variaduna.com\/de\/wp-json\/wp\/v2\/pages\/47\/revisions"}],"predecessor-version":[{"id":172,"href":"https:\/\/variaduna.com\/de\/wp-json\/wp\/v2\/pages\/47\/revisions\/172"}],"wp:attachment":[{"href":"https:\/\/variaduna.com\/de\/wp-json\/wp\/v2\/media?parent=47"}],"curies":[{"name":"wp","href":"https:\/\/api.w.org\/{rel}","templated":true}]}}