{"id":36,"date":"2024-05-30T13:30:36","date_gmt":"2024-05-30T13:30:36","guid":{"rendered":"https:\/\/variaduna.com\/?page_id=36"},"modified":"2024-12-12T13:08:12","modified_gmt":"2024-12-12T12:08:12","slug":"methoden","status":"publish","type":"page","link":"https:\/\/variaduna.com\/de\/methoden\/","title":{"rendered":"Methoden"},"content":{"rendered":"\n<h2 class=\"wp-block-heading\">Methoden<\/h2>\n\n\n\n<div style=\"height:29px\" aria-hidden=\"true\" class=\"wp-block-spacer\"><\/div>\n\n\n\n<p>Jede Herausforderung ist individuell. Wir sprechen erst unverbindlich \u00fcber Deine Ziele. Erst dann mandatierst Du uns und wir finden mit Dir, mit Euch oder f\u00fcr Euch eine L\u00f6sung.<\/p>\n\n\n\n<p>Gerade weil jede Herausforderung individuell ist, richtet sich auch unser Methodenkatalog nach den jeweiligen Gegebenheiten. Es gibt kein Standard-Modell. Die eine Herausforderung ist mit Mediation in den Griff zu kriegen, die andere braucht eine Kombination aus mehreren Herangehensweisen. Typischerweise setzen wir Elemente aus den nachfolgenden Methoden ein.<\/p>\n\n\n\n<div style=\"height:29px\" aria-hidden=\"true\" class=\"wp-block-spacer\"><\/div>\n\n\n\n<h4 class=\"wp-block-heading\">Mediation<\/h4>\n\n\n\n<p>Wir begleiten Konfliktparteien als unabh\u00e4ngige und soweit m\u00f6glich neutrale Mediator:innen dabei, eine gemeinsame und nachhaltige L\u00f6sung des Konflikts zu finden.<\/p>\n\n\n\n<div style=\"height:29px\" aria-hidden=\"true\" class=\"wp-block-spacer\"><\/div>\n\n\n\n<h4 class=\"wp-block-heading\">Interkulturelle Kommunikation<\/h4>\n\n\n\n<p>Wir unterst\u00fctzen Menschen unterschiedlicher Kulturen beim Informationsaustausch, beim Erreichen gemeinsamer Ziele oder beim Bearbeiten von Konflikten, indem wir kulturelle Unterschiede in Sprache, Werten und Verhaltensweisen ber\u00fccksichtigen.<\/p>\n\n\n\n<div style=\"height:29px\" aria-hidden=\"true\" class=\"wp-block-spacer\"><\/div>\n\n\n\n<h4 class=\"wp-block-heading\">Change Management<\/h4>\n\n\n\n<p>Wir begleiten Ver\u00e4nderungsprozesse in Familien, Teams und Unternehmen mit dem Ziel, die Herausforderung als Chance zu sehen und aus dem Change eine nachhaltige, stabile Situation zu entwickeln.<\/p>\n\n\n\n<div style=\"height:29px\" aria-hidden=\"true\" class=\"wp-block-spacer\"><\/div>\n\n\n\n<h4 class=\"wp-block-heading\">Organisations-Management<\/h4>\n\n\n\n<p>Wir konzipieren oder begleiten den Aufbau oder die Optimierung von Organisationen und Institutionen in den Bereichen Planung, Steuerung, Ressourcen und Prozessen.<\/p>\n\n\n\n<div style=\"height:29px\" aria-hidden=\"true\" class=\"wp-block-spacer\"><\/div>\n\n\n\n<h4 class=\"wp-block-heading\">Projekt-Management<\/h4>\n\n\n\n<p>Wir planen und leiten Projekte, vorzugsweise in den vorgenannten Bereichen, aber gerne auch in ganz anderen Zusammenh\u00e4ngen.<\/p>\n\n\n\n<p><\/p>\n","protected":false},"excerpt":{"rendered":"<p>Methoden Jede Herausforderung ist individuell. Wir sprechen erst unverbindlich \u00fcber Deine Ziele. Erst dann mandatierst Du uns und wir finden [&hellip;]<\/p>\n","protected":false},"author":2,"featured_media":0,"parent":0,"menu_order":0,"comment_status":"closed","ping_status":"closed","template":"","meta":{"site-sidebar-layout":"default","site-content-layout":"","ast-site-content-layout":"default","site-content-style":"default","site-sidebar-style":"default","ast-global-header-display":"","ast-banner-title-visibility":"","ast-main-header-display":"","ast-hfb-above-header-display":"","ast-hfb-below-header-display":"","ast-hfb-mobile-header-display":"","site-post-title":"","ast-breadcrumbs-content":"","ast-featured-img":"","footer-sml-layout":"","ast-disable-related-posts":"","theme-transparent-header-meta":"","adv-header-id-meta":"","stick-header-meta":"","header-above-stick-meta":"","header-main-stick-meta":"","header-below-stick-meta":"","astra-migrate-meta-layouts":"default","ast-page-background-enabled":"default","ast-page-background-meta":{"desktop":{"background-color":"var(--ast-global-color-4)","background-image":"","background-repeat":"repeat","background-position":"center center","background-size":"auto","background-attachment":"scroll","background-type":"","background-media":"","overlay-type":"","overlay-color":"","overlay-opacity":"","overlay-gradient":""},"tablet":{"background-color":"","background-image":"","background-repeat":"repeat","background-position":"center center","background-size":"auto","background-attachment":"scroll","background-type":"","background-media":"","overlay-type":"","overlay-color":"","overlay-opacity":"","overlay-gradient":""},"mobile":{"background-color":"","background-image":"","background-repeat":"repeat","background-position":"center center","background-size":"auto","background-attachment":"scroll","background-type":"","background-media":"","overlay-type":"","overlay-color":"","overlay-opacity":"","overlay-gradient":""}},"ast-content-background-meta":{"desktop":{"background-color":"var(--ast-global-color-5)","background-image":"","background-repeat":"repeat","background-position":"center center","background-size":"auto","background-attachment":"scroll","background-type":"","background-media":"","overlay-type":"","overlay-color":"","overlay-opacity":"","overlay-gradient":""},"tablet":{"background-color":"var(--ast-global-color-5)","background-image":"","background-repeat":"repeat","background-position":"center center","background-size":"auto","background-attachment":"scroll","background-type":"","background-media":"","overlay-type":"","overlay-color":"","overlay-opacity":"","overlay-gradient":""},"mobile":{"background-color":"var(--ast-global-color-5)","background-image":"","background-repeat":"repeat","background-position":"center center","background-size":"auto","background-attachment":"scroll","background-type":"","background-media":"","overlay-type":"","overlay-color":"","overlay-opacity":"","overlay-gradient":""}},"footnotes":""},"class_list":["post-36","page","type-page","status-publish","hentry"],"_links":{"self":[{"href":"https:\/\/variaduna.com\/de\/wp-json\/wp\/v2\/pages\/36","targetHints":{"allow":["GET"]}}],"collection":[{"href":"https:\/\/variaduna.com\/de\/wp-json\/wp\/v2\/pages"}],"about":[{"href":"https:\/\/variaduna.com\/de\/wp-json\/wp\/v2\/types\/page"}],"author":[{"embeddable":true,"href":"https:\/\/variaduna.com\/de\/wp-json\/wp\/v2\/users\/2"}],"replies":[{"embeddable":true,"href":"https:\/\/variaduna.com\/de\/wp-json\/wp\/v2\/comments?post=36"}],"version-history":[{"count":11,"href":"https:\/\/variaduna.com\/de\/wp-json\/wp\/v2\/pages\/36\/revisions"}],"predecessor-version":[{"id":245,"href":"https:\/\/variaduna.com\/de\/wp-json\/wp\/v2\/pages\/36\/revisions\/245"}],"wp:attachment":[{"href":"https:\/\/variaduna.com\/de\/wp-json\/wp\/v2\/media?parent=36"}],"curies":[{"name":"wp","href":"https:\/\/api.w.org\/{rel}","templated":true}]}}